{"id":129,"date":"2021-06-17T07:56:09","date_gmt":"2021-06-17T07:56:09","guid":{"rendered":"https:\/\/windlightpictures.com\/?page_id=129"},"modified":"2022-07-19T14:44:11","modified_gmt":"2022-07-19T14:44:11","slug":"imprint","status":"publish","type":"page","link":"https:\/\/windlightpictures.com\/de\/imprint\/","title":{"rendered":"Imprint"},"content":{"rendered":"<p><strong>Windlight Pictures GmbH<\/strong><\/p>\n\n\n\n<p>Tel. +49 89 21527210<\/p>\n\n\n\n<p>Email: <a>info@windlightpictures.com<br><\/a>Web: www.windlightpictures.com<\/p>\n\n\n\n<p>Gesch\u00e4ftsf\u00fchrer \/ Managing Directors<\/p>\n\n\n\n<p>Moritz Polter, Duncan Walker<\/p>\n\n\n\n<p>Sitz: Rumfordstra\u00dfe 21a, 80469 M\u00fcnchen<\/p>\n\n\n\n<p>Amtsgericht M\u00fcnchen &#8211; HRB 262518<\/p>\n\n\n\n<p>Umsatzsteuer-ID: DE344668501<\/p>\n\n\n\n<p>Verantwortlicher im Sinne \u00a7 5 TMG i.V.m. \u00a7 55 RstV \/<br>Responsible as per \u00a7 5 TMG i.V.m. \u00a7 55 RstV<br>Moritz Polter, Windlight Pictures GmbH<br><br><strong>Design &amp; Programmierung &#8211; Design &amp; Programming<\/strong><\/p>\n\n\n\n<p>Fun In Elk City Limited<\/p>","protected":false},"excerpt":{"rendered":"<p>Windlight Pictures GmbH Tel. +49 89 21527210 Email: info@windlightpictures.comWeb: www.windlightpictures.com Gesch\u00e4ftsf\u00fchrer \/ Managing Directors Moritz Polter, Duncan Walker Sitz: Rumfordstra\u00dfe 21a, 80469 M\u00fcnchen Amtsgericht M\u00fcnchen &#8211; HRB 262518 Umsatzsteuer-ID: DE344668501 Verantwortlicher im Sinne \u00a7 5 TMG i.V.m. \u00a7 55 RstV \/Responsible as per \u00a7 5 TMG i.V.m. \u00a7 55 RstVMoritz Polter, Windlight Pictures GmbH Design [&hellip;]<\/p>","protected":false},"author":1,"featured_media":0,"parent":0,"menu_order":0,"comment_status":"closed","ping_status":"closed","template":"","meta":{"_acf_changed":false,"footnotes":""},"class_list":["post-129","page","type-page","status-publish","hentry"],"acf":[],"_links":{"self":[{"href":"https:\/\/windlightpictures.com\/de\/wp-json\/wp\/v2\/pages\/129","targetHints":{"allow":["GET"]}}],"collection":[{"href":"https:\/\/windlightpictures.com\/de\/wp-json\/wp\/v2\/pages"}],"about":[{"href":"https:\/\/windlightpictures.com\/de\/wp-json\/wp\/v2\/types\/page"}],"author":[{"embeddable":true,"href":"https:\/\/windlightpictures.com\/de\/wp-json\/wp\/v2\/users\/1"}],"replies":[{"embeddable":true,"href":"https:\/\/windlightpictures.com\/de\/wp-json\/wp\/v2\/comments?post=129"}],"version-history":[{"count":6,"href":"https:\/\/windlightpictures.com\/de\/wp-json\/wp\/v2\/pages\/129\/revisions"}],"predecessor-version":[{"id":285,"href":"https:\/\/windlightpictures.com\/de\/wp-json\/wp\/v2\/pages\/129\/revisions\/285"}],"wp:attachment":[{"href":"https:\/\/windlightpictures.com\/de\/wp-json\/wp\/v2\/media?parent=129"}],"curies":[{"name":"wp","href":"https:\/\/api.w.org\/{rel}","templated":true}]}}